 {"id":710,"date":"2023-06-24T20:49:24","date_gmt":"2023-06-24T20:49:24","guid":{"rendered":"https:\/\/residenciagrandesinversores.com\/?page_id=710"},"modified":"2023-06-24T20:53:10","modified_gmt":"2023-06-24T20:53:10","slug":"pago-2","status":"publish","type":"page","link":"https:\/\/residenciagrandesinversores.com\/index.php\/pago-2\/","title":{"rendered":"Pago 2: Nacionalidad espa\u00f1ola Ley de memoria democr\u00e1tica"},"content":{"rendered":"\t\t<div data-elementor-type=\"wp-page\" data-elementor-id=\"710\" class=\"elementor elementor-710\">\n\t\t\t\t\t\t\t\t\t<section class=\"elementor-section elementor-top-section elementor-element elementor-element-6bca3216 elementor-section-height-min-height elementor-section-content-middle elementor-section-boxed elementor-section-height-default elementor-section-items-middle\" data-id=\"6bca3216\" data-element_type=\"section\" data-settings=\"{&quot;background_background&quot;:&quot;gradient&quot;}\">\n\t\t\t\t\t\t\t<div class=\"elementor-background-overlay\"><\/div>\n\t\t\t\t\t\t\t<div class=\"elementor-container elementor-column-gap-default\">\n\t\t\t\t\t<div class=\"elementor-column elementor-col-100 elementor-top-column elementor-element elementor-element-5d37e47\" data-id=\"5d37e47\" data-element_type=\"column\">\n\t\t\t<div class=\"elementor-widget-wrap elementor-element-populated\">\n\t\t\t\t\t\t\t\t<div class=\"elementor-element elementor-element-802e1cf elementor-widget elementor-widget-heading\" data-id=\"802e1cf\" data-element_type=\"widget\" data-widget_type=\"heading.default\">\n\t\t\t\t<div class=\"elementor-widget-container\">\n\t\t\t<style>\/*! elementor - v3.14.0 - 26-06-2023 *\/\n.elementor-heading-title{padding:0;margin:0;line-height:1}.elementor-widget-heading .elementor-heading-title[class*=elementor-size-]>a{color:inherit;font-size:inherit;line-height:inherit}.elementor-widget-heading .elementor-heading-title.elementor-size-small{font-size:15px}.elementor-widget-heading .elementor-heading-title.elementor-size-medium{font-size:19px}.elementor-widget-heading .elementor-heading-title.elementor-size-large{font-size:29px}.elementor-widget-heading .elementor-heading-title.elementor-size-xl{font-size:39px}.elementor-widget-heading .elementor-heading-title.elementor-size-xxl{font-size:59px}<\/style><h2 class=\"elementor-heading-title elementor-size-default\">INFANTE Y PE\u00d1A ABOGADOS<\/h2>\t\t<\/div>\n\t\t\t\t<\/div>\n\t\t\t\t\t<\/div>\n\t\t<\/div>\n\t\t\t\t\t\t\t<\/div>\n\t\t<\/section>\n\t\t\t\t<section class=\"elementor-section elementor-top-section elementor-element elementor-element-8500d64 elementor-section-boxed elementor-section-height-default elementor-section-height-default\" data-id=\"8500d64\" data-element_type=\"section\">\n\t\t\t\t\t\t<div class=\"elementor-container elementor-column-gap-default\">\n\t\t\t\t\t<div class=\"elementor-column elementor-col-100 elementor-top-column elementor-element elementor-element-7061b7d\" data-id=\"7061b7d\" data-element_type=\"column\">\n\t\t\t<div class=\"elementor-widget-wrap elementor-element-populated\">\n\t\t\t\t\t\t\t\t<div class=\"elementor-element elementor-element-12ba4650 elementor-widget elementor-widget-heading\" data-id=\"12ba4650\" data-element_type=\"widget\" data-widget_type=\"heading.default\">\n\t\t\t\t<div class=\"elementor-widget-container\">\n\t\t\t<h3 class=\"elementor-heading-title elementor-size-default\">CONTRATACI\u00d3N SERVICIOS JUR\u00cdDICOS<\/h3>\t\t<\/div>\n\t\t\t\t<\/div>\n\t\t\t\t<div class=\"elementor-element elementor-element-f4b127e elementor-widget elementor-widget-heading\" data-id=\"f4b127e\" data-element_type=\"widget\" data-widget_type=\"heading.default\">\n\t\t\t\t<div class=\"elementor-widget-container\">\n\t\t\t<h3 class=\"elementor-heading-title elementor-size-default\">Proceso de nacionalidad espa\u00f1ola por Ley de memoria democr\u00e1tica<\/h3>\t\t<\/div>\n\t\t\t\t<\/div>\n\t\t\t\t\t<\/div>\n\t\t<\/div>\n\t\t\t\t\t\t\t<\/div>\n\t\t<\/section>\n\t\t\t\t<section class=\"elementor-section elementor-top-section elementor-element elementor-element-553a1ad elementor-section-boxed elementor-section-height-default elementor-section-height-default\" data-id=\"553a1ad\" data-element_type=\"section\">\n\t\t\t\t\t\t<div class=\"elementor-container elementor-column-gap-default\">\n\t\t\t\t\t<div class=\"elementor-column elementor-col-50 elementor-top-column elementor-element elementor-element-7f9419d\" data-id=\"7f9419d\" data-element_type=\"column\">\n\t\t\t<div class=\"elementor-widget-wrap elementor-element-populated\">\n\t\t\t\t\t\t\t\t<div class=\"elementor-element elementor-element-a0f52b5 elementor-widget elementor-widget-image\" data-id=\"a0f52b5\" data-element_type=\"widget\" data-widget_type=\"image.default\">\n\t\t\t\t<div class=\"elementor-widget-container\">\n\t\t\t<style>\/*! elementor - v3.14.0 - 26-06-2023 *\/\n.elementor-widget-image{text-align:center}.elementor-widget-image a{display:inline-block}.elementor-widget-image a img[src$=\".svg\"]{width:48px}.elementor-widget-image img{vertical-align:middle;display:inline-block}<\/style>\t\t\t\t\t\t\t\t\t\t\t\t<img loading=\"lazy\" decoding=\"async\" width=\"1024\" height=\"679\" src=\"https:\/\/residenciagrandesinversores.com\/wp-content\/uploads\/2022\/11\/26782050_m-copia-scaled-1-1024x679.jpg\" class=\"attachment-large size-large wp-image-8\" alt=\"\" srcset=\"https:\/\/residenciagrandesinversores.com\/wp-content\/uploads\/2022\/11\/26782050_m-copia-scaled-1-1024x679.jpg 1024w, https:\/\/residenciagrandesinversores.com\/wp-content\/uploads\/2022\/11\/26782050_m-copia-scaled-1-300x199.jpg 300w, https:\/\/residenciagrandesinversores.com\/wp-content\/uploads\/2022\/11\/26782050_m-copia-scaled-1-768x509.jpg 768w, https:\/\/residenciagrandesinversores.com\/wp-content\/uploads\/2022\/11\/26782050_m-copia-scaled-1-1536x1018.jpg 1536w, https:\/\/residenciagrandesinversores.com\/wp-content\/uploads\/2022\/11\/26782050_m-copia-scaled-1.jpg 2048w\" sizes=\"auto, (max-width: 1024px) 100vw, 1024px\" \/>\t\t\t\t\t\t\t\t\t\t\t\t\t\t\t<\/div>\n\t\t\t\t<\/div>\n\t\t\t\t\t<\/div>\n\t\t<\/div>\n\t\t\t\t<div class=\"elementor-column elementor-col-50 elementor-top-column elementor-element elementor-element-bf5b1bf\" data-id=\"bf5b1bf\" data-element_type=\"column\">\n\t\t\t<div class=\"elementor-widget-wrap elementor-element-populated\">\n\t\t\t\t\t\t\t\t<div class=\"elementor-element elementor-element-f0bd065 elementor-widget elementor-widget-text-editor\" data-id=\"f0bd065\" data-element_type=\"widget\" data-widget_type=\"text-editor.default\">\n\t\t\t\t<div class=\"elementor-widget-container\">\n\t\t\t<style>\/*! elementor - v3.14.0 - 26-06-2023 *\/\n.elementor-widget-text-editor.elementor-drop-cap-view-stacked .elementor-drop-cap{background-color:#69727d;color:#fff}.elementor-widget-text-editor.elementor-drop-cap-view-framed .elementor-drop-cap{color:#69727d;border:3px solid;background-color:transparent}.elementor-widget-text-editor:not(.elementor-drop-cap-view-default) .elementor-drop-cap{margin-top:8px}.elementor-widget-text-editor:not(.elementor-drop-cap-view-default) .elementor-drop-cap-letter{width:1em;height:1em}.elementor-widget-text-editor .elementor-drop-cap{float:left;text-align:center;line-height:1;font-size:50px}.elementor-widget-text-editor .elementor-drop-cap-letter{display:inline-block}<\/style>\t\t\t\t<p><strong>SERVICIOS PROFESIONALES INCLUIDOS:<\/strong><br \/>\u2705 Abogados expertos.<br \/>\u2705 Asesoramiento durante el proceso.<br \/>\u2705 Preparaci\u00f3n del expediente.<br \/>\u2705 Obtenci\u00f3n de <strong>CITA ANTE CONSULADO<\/strong>.<br \/>\u2705 Subsanaci\u00f3n y contestaci\u00f3n de requerimientos.<br \/>\u2705 Pasos a dar tras la concesi\u00f3n.<br \/>\u2705 Recurso en v\u00eda administrativa (en caso de denegaci\u00f3n).<\/p><p><strong>SERVICIOS PROFESIONALES <span style=\"text-decoration: underline;\">NO<\/span> INCLUIDOS:<\/strong><br \/>\u274c Documentaci\u00f3n necesaria, que ser\u00e1 aportada por el cliente.<br \/>\u274c Recursos en v\u00eda judicial.<\/p>\t\t\t\t\t\t<\/div>\n\t\t\t\t<\/div>\n\t\t\t\t\t<\/div>\n\t\t<\/div>\n\t\t\t\t\t\t\t<\/div>\n\t\t<\/section>\n\t\t\t\t<section class=\"elementor-section elementor-top-section elementor-element elementor-element-7efe07f elementor-section-boxed elementor-section-height-default elementor-section-height-default\" data-id=\"7efe07f\" data-element_type=\"section\">\n\t\t\t\t\t\t<div class=\"elementor-container elementor-column-gap-default\">\n\t\t\t\t\t<div class=\"elementor-column elementor-col-100 elementor-top-column elementor-element elementor-element-f75aa19\" data-id=\"f75aa19\" data-element_type=\"column\">\n\t\t\t<div class=\"elementor-widget-wrap elementor-element-populated\">\n\t\t\t\t\t\t\t\t<div class=\"elementor-element elementor-element-755a32e elementor-widget__width-auto elementor-widget elementor-widget-html\" data-id=\"755a32e\" data-element_type=\"widget\" data-widget_type=\"html.default\">\n\t\t\t\t<div class=\"elementor-widget-container\">\n\t\t\t<script async\n  src=\"https:\/\/js.stripe.com\/v3\/buy-button.js\">\n<\/script>\n\n<stripe-buy-button\n  buy-button-id=\"buy_btn_1NMdROKkqePCt6Q8HrAzIhNd\"\n  publishable-key=\"pk_live_e7Jy48KCQaJTlXR6K2fpEXFg00jgTcXnPO\"\n>\n<\/stripe-buy-button>\t\t<\/div>\n\t\t\t\t<\/div>\n\t\t\t\t<div class=\"elementor-element elementor-element-bca305a elementor-widget elementor-widget-image\" data-id=\"bca305a\" data-element_type=\"widget\" data-widget_type=\"image.default\">\n\t\t\t\t<div class=\"elementor-widget-container\">\n\t\t\t\t\t\t\t\t\t\t\t\t\t\t\t<img decoding=\"async\" src=\"https:\/\/residenciagrandesinversores.com\/wp-content\/uploads\/elementor\/thumbs\/Imagen-PNG-q8g5ylg6lm77e2r199y2c96g2s0n8ukz3og0ulms3m.png\" title=\"Stripe payment\" alt=\"Stripe payment\" loading=\"lazy\" \/>\t\t\t\t\t\t\t\t\t\t\t\t\t\t\t<\/div>\n\t\t\t\t<\/div>\n\t\t\t\t\t<\/div>\n\t\t<\/div>\n\t\t\t\t\t\t\t<\/div>\n\t\t<\/section>\n\t\t\t\t<section class=\"elementor-section elementor-top-section elementor-element elementor-element-642ea2c2 elementor-section-boxed elementor-section-height-default elementor-section-height-default\" data-id=\"642ea2c2\" data-element_type=\"section\" data-settings=\"{&quot;background_background&quot;:&quot;classic&quot;}\">\n\t\t\t\t\t\t<div class=\"elementor-container elementor-column-gap-default\">\n\t\t\t\t\t<div class=\"elementor-column elementor-col-100 elementor-top-column elementor-element elementor-element-63534829\" data-id=\"63534829\" data-element_type=\"column\">\n\t\t\t<div class=\"elementor-widget-wrap elementor-element-populated\">\n\t\t\t\t\t\t\t\t<section class=\"elementor-section elementor-inner-section elementor-element elementor-element-6221b641 elementor-section-boxed elementor-section-height-default elementor-section-height-default\" data-id=\"6221b641\" data-element_type=\"section\">\n\t\t\t\t\t\t<div class=\"elementor-container elementor-column-gap-default\">\n\t\t\t\t\t<div class=\"elementor-column elementor-col-100 elementor-inner-column elementor-element elementor-element-5e09606\" data-id=\"5e09606\" data-element_type=\"column\">\n\t\t\t<div class=\"elementor-widget-wrap elementor-element-populated\">\n\t\t\t\t\t\t\t\t<div class=\"elementor-element elementor-element-143a634b elementor-widget elementor-widget-text-editor\" data-id=\"143a634b\" data-element_type=\"widget\" data-widget_type=\"text-editor.default\">\n\t\t\t\t<div class=\"elementor-widget-container\">\n\t\t\t\t\t\t\t<p><script defer async src='https:\/\/cdn.trustindex.io\/loader.js?63f0f671019886785c26860ceec'><\/script><\/p>\t\t\t\t\t\t<\/div>\n\t\t\t\t<\/div>\n\t\t\t\t\t<\/div>\n\t\t<\/div>\n\t\t\t\t\t\t\t<\/div>\n\t\t<\/section>\n\t\t\t\t\t<\/div>\n\t\t<\/div>\n\t\t\t\t\t\t\t<\/div>\n\t\t<\/section>\n\t\t\t\t\t\t\t<\/div>\n\t\t","protected":false},"excerpt":{"rendered":"<p>INFANTE Y PE\u00d1A ABOGADOS CONTRATACI\u00d3N SERVICIOS JUR\u00cdDICOS Proceso de nacionalidad espa\u00f1ola por Ley de memoria democr\u00e1tica SERVICIOS PROFESIONALES INCLUIDOS:\u2705 Abogados expertos.\u2705 Asesoramiento durante el proceso.\u2705 Preparaci\u00f3n del expediente.\u2705 Obtenci\u00f3n de CITA ANTE CONSULADO.\u2705 Subsanaci\u00f3n y contestaci\u00f3n de requerimientos.\u2705 Pasos a dar tras la concesi\u00f3n.\u2705 Recurso en v\u00eda administrativa (en caso de denegaci\u00f3n). SERVICIOS PROFESIONALES NO [&hellip;]<\/p>\n","protected":false},"author":1,"featured_media":0,"parent":0,"menu_order":0,"comment_status":"closed","ping_status":"closed","template":"elementor_canvas","meta":{"om_disable_all_campaigns":false,"_mi_skip_tracking":false,"_monsterinsights_sitenote_active":false,"_monsterinsights_sitenote_note":"","_monsterinsights_sitenote_category":0,"footnotes":""},"class_list":["post-710","page","type-page","status-publish","hentry"],"aioseo_notices":[],"_links":{"self":[{"href":"https:\/\/residenciagrandesinversores.com\/index.php\/wp-json\/wp\/v2\/pages\/710","targetHints":{"allow":["GET"]}}],"collection":[{"href":"https:\/\/residenciagrandesinversores.com\/index.php\/wp-json\/wp\/v2\/pages"}],"about":[{"href":"https:\/\/residenciagrandesinversores.com\/index.php\/wp-json\/wp\/v2\/types\/page"}],"author":[{"embeddable":true,"href":"https:\/\/residenciagrandesinversores.com\/index.php\/wp-json\/wp\/v2\/users\/1"}],"replies":[{"embeddable":true,"href":"https:\/\/residenciagrandesinversores.com\/index.php\/wp-json\/wp\/v2\/comments?post=710"}],"version-history":[{"count":7,"href":"https:\/\/residenciagrandesinversores.com\/index.php\/wp-json\/wp\/v2\/pages\/710\/revisions"}],"predecessor-version":[{"id":719,"href":"https:\/\/residenciagrandesinversores.com\/index.php\/wp-json\/wp\/v2\/pages\/710\/revisions\/719"}],"wp:attachment":[{"href":"https:\/\/residenciagrandesinversores.com\/index.php\/wp-json\/wp\/v2\/media?parent=710"}],"curies":[{"name":"wp","href":"https:\/\/api.w.org\/{rel}","templated":true}]}}